{"id":4091,"date":"2020-07-01T18:13:07","date_gmt":"2020-07-01T18:13:07","guid":{"rendered":"https:\/\/kb-familyoffice.com\/informacion-reguladora\/"},"modified":"2023-07-09T16:55:17","modified_gmt":"2023-07-09T21:55:17","slug":"regulatory-information","status":"publish","type":"page","link":"https:\/\/kb-familyoffice.com\/en\/regulatory-information\/","title":{"rendered":"Regulatory Information"},"content":{"rendered":"\t\t<div data-elementor-type=\"wp-page\" data-elementor-id=\"4091\" class=\"elementor elementor-4091 elementor-2593\" data-elementor-post-type=\"page\">\n\t\t\t\t\t\t<section class=\"elementor-section elementor-top-section elementor-element elementor-element-8f862d0 elementor-section-stretched elementor-section-boxed elementor-section-height-default elementor-section-height-default\" data-id=\"8f862d0\" data-element_type=\"section\" data-e-type=\"section\" data-settings=\"{&quot;stretch_section&quot;:&quot;section-stretched&quot;}\">\n\t\t\t\t\t\t<div class=\"elementor-container elementor-column-gap-default\">\n\t\t\t\t\t<div class=\"elementor-column elementor-col-100 elementor-top-column elementor-element elementor-element-1062395\" data-id=\"1062395\" data-element_type=\"column\" data-e-type=\"column\">\n\t\t\t<div class=\"elementor-widget-wrap elementor-element-populated\">\n\t\t\t\t\t\t<div class=\"elementor-element elementor-element-06a2f22 elementor-widget elementor-widget-spacer\" data-id=\"06a2f22\" data-element_type=\"widget\" data-e-type=\"widget\" data-widget_type=\"spacer.default\">\n\t\t\t\t<div class=\"elementor-widget-container\">\n\t\t\t\t\t\t\t<div class=\"elementor-spacer\">\n\t\t\t<div class=\"elementor-spacer-inner\"><\/div>\n\t\t<\/div>\n\t\t\t\t\t\t<\/div>\n\t\t\t\t<\/div>\n\t\t\t\t<div class=\"elementor-element elementor-element-59c5a7e elementor-widget elementor-widget-heading\" data-id=\"59c5a7e\" data-element_type=\"widget\" data-e-type=\"widget\" data-widget_type=\"heading.default\">\n\t\t\t\t<div class=\"elementor-widget-container\">\n\t\t\t\t\t<h2 class=\"elementor-heading-title elementor-size-default\">Regulatory Information<\/h2>\t\t\t\t<\/div>\n\t\t\t\t<\/div>\n\t\t\t\t<div class=\"elementor-element elementor-element-9322f10 elementor-widget elementor-widget-text-editor\" data-id=\"9322f10\" data-element_type=\"widget\" data-e-type=\"widget\" data-widget_type=\"text-editor.default\">\n\t\t\t\t<div class=\"elementor-widget-container\">\n\t\t\t\t\t\t\t\t\t<p>K&amp;B Financial Group Inc. is a company regulated and supervised by the Superintendencia de Mercado de Valores of Panama. It is licensed as an investment advisor under resolution CNV 110-08 of April 29, 2008.<\/p><p>K&amp;B Trust Services Corp. is a company regulated and supervised by the Superintendence of Banks of Panama. It is licensed as a trust company by resolution SBP-FID No. 0001-2013 of January 16, 2013.<\/p><p>K&amp;B Legal Services is a law firm regulated and supervised by the Intendencia de Supervisi\u00f3n y Regulaci\u00f3n de Sujetos No Financieros de Panam\u00e1, attached to the Ministry of Economy and Finance.<\/p>\t\t\t\t\t\t\t\t<\/div>\n\t\t\t\t<\/div>\n\t\t\t\t\t<\/div>\n\t\t<\/div>\n\t\t\t\t\t<\/div>\n\t\t<\/section>\n\t\t\t\t<section class=\"elementor-section elementor-top-section elementor-element elementor-element-b67189e elementor-section-boxed elementor-section-height-default elementor-section-height-default\" data-id=\"b67189e\" data-element_type=\"section\" data-e-type=\"section\">\n\t\t\t\t\t\t<div class=\"elementor-container elementor-column-gap-default\">\n\t\t\t\t\t<div class=\"elementor-column elementor-col-100 elementor-top-column elementor-element elementor-element-5ec7608\" data-id=\"5ec7608\" data-element_type=\"column\" data-e-type=\"column\">\n\t\t\t<div class=\"elementor-widget-wrap elementor-element-populated\">\n\t\t\t\t\t\t<div class=\"elementor-element elementor-element-f0ab811 elementor-widget elementor-widget-spacer\" data-id=\"f0ab811\" data-element_type=\"widget\" data-e-type=\"widget\" data-widget_type=\"spacer.default\">\n\t\t\t\t<div class=\"elementor-widget-container\">\n\t\t\t\t\t\t\t<div class=\"elementor-spacer\">\n\t\t\t<div class=\"elementor-spacer-inner\"><\/div>\n\t\t<\/div>\n\t\t\t\t\t\t<\/div>\n\t\t\t\t<\/div>\n\t\t\t\t\t<\/div>\n\t\t<\/div>\n\t\t\t\t\t<\/div>\n\t\t<\/section>\n\t\t\t\t<\/div>\n\t\t","protected":false},"excerpt":{"rendered":"<p>Regulatory Information K&amp;B Financial Group Inc. is a company regulated and supervised by the Superintendencia de Mercado de Valores of Panama. It is licensed as an investment advisor under resolution CNV 110-08 of April 29, 2008. K&amp;B Trust Services Corp. is a company regulated and supervised by the Superintendence of Banks of Panama. It is [&hellip;]<\/p>\n","protected":false},"author":1,"featured_media":3863,"parent":0,"menu_order":0,"comment_status":"closed","ping_status":"closed","template":"","meta":{"_acf_changed":false,"footnotes":""},"class_list":["post-4091","page","type-page","status-publish","has-post-thumbnail","hentry"],"acf":[],"yoast_head":"<!-- This site is optimized with the Yoast SEO plugin v27.3 - https:\/\/yoast.com\/product\/yoast-seo-wordpress\/ -->\n<title>Regulatory Information - K&amp;B Family Office<\/title>\n<meta name=\"description\" content=\"K&amp;B Financial Group Inc., K&amp;B Trust Services Corp. y K&amp;B Legal Services are entities regulated and supervised in Panama.\" \/>\n<meta name=\"robots\" content=\"index, follow, max-snippet:-1, max-image-preview:large, max-video-preview:-1\" \/>\n<link rel=\"canonical\" href=\"https:\/\/kb-familyoffice.com\/en\/regulatory-information\/\" \/>\n<meta property=\"og:locale\" content=\"en_US\" \/>\n<meta property=\"og:type\" content=\"article\" \/>\n<meta property=\"og:title\" content=\"Regulatory Information - K&amp;B Family Office\" \/>\n<meta property=\"og:description\" content=\"K&amp;B Financial Group Inc., K&amp;B Trust Services Corp. y K&amp;B Legal Services are entities regulated and supervised in Panama.\" \/>\n<meta property=\"og:url\" content=\"https:\/\/kb-familyoffice.com\/en\/regulatory-information\/\" \/>\n<meta property=\"og:site_name\" content=\"K&amp;B Family Office\" \/>\n<meta property=\"article:publisher\" content=\"https:\/\/www.facebook.com\/KB-Family-Office-102608398730665\" \/>\n<meta property=\"article:modified_time\" content=\"2023-07-09T21:55:17+00:00\" \/>\n<meta property=\"og:image\" content=\"https:\/\/kb-familyoffice.com\/wp-content\/uploads\/2020\/04\/Logo_U0A6784-1-1280x853-2-e1594147121945.jpg\" \/>\n\t<meta property=\"og:image:width\" content=\"1280\" \/>\n\t<meta property=\"og:image:height\" content=\"678\" \/>\n\t<meta property=\"og:image:type\" content=\"image\/jpeg\" \/>\n<meta name=\"twitter:card\" content=\"summary_large_image\" \/>\n<meta name=\"twitter:label1\" content=\"Est. reading time\" \/>\n\t<meta name=\"twitter:data1\" content=\"1 minute\" \/>\n<script type=\"application\/ld+json\" class=\"yoast-schema-graph\">{\"@context\":\"https:\\\/\\\/schema.org\",\"@graph\":[{\"@type\":\"WebPage\",\"@id\":\"https:\\\/\\\/kb-familyoffice.com\\\/en\\\/regulatory-information\\\/\",\"url\":\"https:\\\/\\\/kb-familyoffice.com\\\/en\\\/regulatory-information\\\/\",\"name\":\"Regulatory Information - K&amp;B Family Office\",\"isPartOf\":{\"@id\":\"https:\\\/\\\/kb-familyoffice.com\\\/en\\\/#website\"},\"primaryImageOfPage\":{\"@id\":\"https:\\\/\\\/kb-familyoffice.com\\\/en\\\/regulatory-information\\\/#primaryimage\"},\"image\":{\"@id\":\"https:\\\/\\\/kb-familyoffice.com\\\/en\\\/regulatory-information\\\/#primaryimage\"},\"thumbnailUrl\":\"https:\\\/\\\/kb-familyoffice.com\\\/wp-content\\\/uploads\\\/2020\\\/04\\\/Logo_U0A6784-1-1280x853-2-e1594147121945.jpg\",\"datePublished\":\"2020-07-01T18:13:07+00:00\",\"dateModified\":\"2023-07-09T21:55:17+00:00\",\"description\":\"K&B Financial Group Inc., K&B Trust Services Corp. y K&B Legal Services are entities regulated and supervised in Panama.\",\"breadcrumb\":{\"@id\":\"https:\\\/\\\/kb-familyoffice.com\\\/en\\\/regulatory-information\\\/#breadcrumb\"},\"inLanguage\":\"en-US\",\"potentialAction\":[{\"@type\":\"ReadAction\",\"target\":[\"https:\\\/\\\/kb-familyoffice.com\\\/en\\\/regulatory-information\\\/\"]}]},{\"@type\":\"ImageObject\",\"inLanguage\":\"en-US\",\"@id\":\"https:\\\/\\\/kb-familyoffice.com\\\/en\\\/regulatory-information\\\/#primaryimage\",\"url\":\"https:\\\/\\\/kb-familyoffice.com\\\/wp-content\\\/uploads\\\/2020\\\/04\\\/Logo_U0A6784-1-1280x853-2-e1594147121945.jpg\",\"contentUrl\":\"https:\\\/\\\/kb-familyoffice.com\\\/wp-content\\\/uploads\\\/2020\\\/04\\\/Logo_U0A6784-1-1280x853-2-e1594147121945.jpg\",\"width\":1280,\"height\":678},{\"@type\":\"BreadcrumbList\",\"@id\":\"https:\\\/\\\/kb-familyoffice.com\\\/en\\\/regulatory-information\\\/#breadcrumb\",\"itemListElement\":[{\"@type\":\"ListItem\",\"position\":1,\"name\":\"Portada\",\"item\":\"https:\\\/\\\/kb-familyoffice.com\\\/en\\\/\"},{\"@type\":\"ListItem\",\"position\":2,\"name\":\"Regulatory Information\"}]},{\"@type\":\"WebSite\",\"@id\":\"https:\\\/\\\/kb-familyoffice.com\\\/en\\\/#website\",\"url\":\"https:\\\/\\\/kb-familyoffice.com\\\/en\\\/\",\"name\":\"K&B Family Office\",\"description\":\"Gesti\u00f3n patrimonial a familias e individuos de \u00e9xito desde 2007\",\"publisher\":{\"@id\":\"https:\\\/\\\/kb-familyoffice.com\\\/en\\\/#organization\"},\"alternateName\":\"K&B Family Office\",\"potentialAction\":[{\"@type\":\"SearchAction\",\"target\":{\"@type\":\"EntryPoint\",\"urlTemplate\":\"https:\\\/\\\/kb-familyoffice.com\\\/en\\\/?s={search_term_string}\"},\"query-input\":{\"@type\":\"PropertyValueSpecification\",\"valueRequired\":true,\"valueName\":\"search_term_string\"}}],\"inLanguage\":\"en-US\"},{\"@type\":\"Organization\",\"@id\":\"https:\\\/\\\/kb-familyoffice.com\\\/en\\\/#organization\",\"name\":\"K&B Family Office\",\"alternateName\":\"K&B Family Office\",\"url\":\"https:\\\/\\\/kb-familyoffice.com\\\/en\\\/\",\"logo\":{\"@type\":\"ImageObject\",\"inLanguage\":\"en-US\",\"@id\":\"https:\\\/\\\/kb-familyoffice.com\\\/en\\\/#\\\/schema\\\/logo\\\/image\\\/\",\"url\":\"https:\\\/\\\/kb-familyoffice.com\\\/wp-content\\\/uploads\\\/2020\\\/03\\\/Logo-KB-Family-Office-web.png\",\"contentUrl\":\"https:\\\/\\\/kb-familyoffice.com\\\/wp-content\\\/uploads\\\/2020\\\/03\\\/Logo-KB-Family-Office-web.png\",\"width\":432,\"height\":150,\"caption\":\"K&B Family Office\"},\"image\":{\"@id\":\"https:\\\/\\\/kb-familyoffice.com\\\/en\\\/#\\\/schema\\\/logo\\\/image\\\/\"},\"sameAs\":[\"https:\\\/\\\/www.facebook.com\\\/KB-Family-Office-102608398730665\",\"https:\\\/\\\/www.linkedin.com\\\/company\\\/kb-family-office\\\/\",\"https:\\\/\\\/www.instagram.com\\\/kbfamilyoffice\\\/\"]}]}<\/script>\n<!-- \/ Yoast SEO plugin. -->","yoast_head_json":{"title":"Regulatory Information - K&amp;B Family Office","description":"K&B Financial Group Inc., K&B Trust Services Corp. y K&B Legal Services are entities regulated and supervised in Panama.","robots":{"index":"index","follow":"follow","max-snippet":"max-snippet:-1","max-image-preview":"max-image-preview:large","max-video-preview":"max-video-preview:-1"},"canonical":"https:\/\/kb-familyoffice.com\/en\/regulatory-information\/","og_locale":"en_US","og_type":"article","og_title":"Regulatory Information - K&amp;B Family Office","og_description":"K&B Financial Group Inc., K&B Trust Services Corp. y K&B Legal Services are entities regulated and supervised in Panama.","og_url":"https:\/\/kb-familyoffice.com\/en\/regulatory-information\/","og_site_name":"K&amp;B Family Office","article_publisher":"https:\/\/www.facebook.com\/KB-Family-Office-102608398730665","article_modified_time":"2023-07-09T21:55:17+00:00","og_image":[{"width":1280,"height":678,"url":"https:\/\/kb-familyoffice.com\/wp-content\/uploads\/2020\/04\/Logo_U0A6784-1-1280x853-2-e1594147121945.jpg","type":"image\/jpeg"}],"twitter_card":"summary_large_image","twitter_misc":{"Est. reading time":"1 minute"},"schema":{"@context":"https:\/\/schema.org","@graph":[{"@type":"WebPage","@id":"https:\/\/kb-familyoffice.com\/en\/regulatory-information\/","url":"https:\/\/kb-familyoffice.com\/en\/regulatory-information\/","name":"Regulatory Information - K&amp;B Family Office","isPartOf":{"@id":"https:\/\/kb-familyoffice.com\/en\/#website"},"primaryImageOfPage":{"@id":"https:\/\/kb-familyoffice.com\/en\/regulatory-information\/#primaryimage"},"image":{"@id":"https:\/\/kb-familyoffice.com\/en\/regulatory-information\/#primaryimage"},"thumbnailUrl":"https:\/\/kb-familyoffice.com\/wp-content\/uploads\/2020\/04\/Logo_U0A6784-1-1280x853-2-e1594147121945.jpg","datePublished":"2020-07-01T18:13:07+00:00","dateModified":"2023-07-09T21:55:17+00:00","description":"K&B Financial Group Inc., K&B Trust Services Corp. y K&B Legal Services are entities regulated and supervised in Panama.","breadcrumb":{"@id":"https:\/\/kb-familyoffice.com\/en\/regulatory-information\/#breadcrumb"},"inLanguage":"en-US","potentialAction":[{"@type":"ReadAction","target":["https:\/\/kb-familyoffice.com\/en\/regulatory-information\/"]}]},{"@type":"ImageObject","inLanguage":"en-US","@id":"https:\/\/kb-familyoffice.com\/en\/regulatory-information\/#primaryimage","url":"https:\/\/kb-familyoffice.com\/wp-content\/uploads\/2020\/04\/Logo_U0A6784-1-1280x853-2-e1594147121945.jpg","contentUrl":"https:\/\/kb-familyoffice.com\/wp-content\/uploads\/2020\/04\/Logo_U0A6784-1-1280x853-2-e1594147121945.jpg","width":1280,"height":678},{"@type":"BreadcrumbList","@id":"https:\/\/kb-familyoffice.com\/en\/regulatory-information\/#breadcrumb","itemListElement":[{"@type":"ListItem","position":1,"name":"Portada","item":"https:\/\/kb-familyoffice.com\/en\/"},{"@type":"ListItem","position":2,"name":"Regulatory Information"}]},{"@type":"WebSite","@id":"https:\/\/kb-familyoffice.com\/en\/#website","url":"https:\/\/kb-familyoffice.com\/en\/","name":"K&B Family Office","description":"Gesti\u00f3n patrimonial a familias e individuos de \u00e9xito desde 2007","publisher":{"@id":"https:\/\/kb-familyoffice.com\/en\/#organization"},"alternateName":"K&B Family Office","potentialAction":[{"@type":"SearchAction","target":{"@type":"EntryPoint","urlTemplate":"https:\/\/kb-familyoffice.com\/en\/?s={search_term_string}"},"query-input":{"@type":"PropertyValueSpecification","valueRequired":true,"valueName":"search_term_string"}}],"inLanguage":"en-US"},{"@type":"Organization","@id":"https:\/\/kb-familyoffice.com\/en\/#organization","name":"K&B Family Office","alternateName":"K&B Family Office","url":"https:\/\/kb-familyoffice.com\/en\/","logo":{"@type":"ImageObject","inLanguage":"en-US","@id":"https:\/\/kb-familyoffice.com\/en\/#\/schema\/logo\/image\/","url":"https:\/\/kb-familyoffice.com\/wp-content\/uploads\/2020\/03\/Logo-KB-Family-Office-web.png","contentUrl":"https:\/\/kb-familyoffice.com\/wp-content\/uploads\/2020\/03\/Logo-KB-Family-Office-web.png","width":432,"height":150,"caption":"K&B Family Office"},"image":{"@id":"https:\/\/kb-familyoffice.com\/en\/#\/schema\/logo\/image\/"},"sameAs":["https:\/\/www.facebook.com\/KB-Family-Office-102608398730665","https:\/\/www.linkedin.com\/company\/kb-family-office\/","https:\/\/www.instagram.com\/kbfamilyoffice\/"]}]}},"_links":{"self":[{"href":"https:\/\/kb-familyoffice.com\/en\/wp-json\/wp\/v2\/pages\/4091","targetHints":{"allow":["GET"]}}],"collection":[{"href":"https:\/\/kb-familyoffice.com\/en\/wp-json\/wp\/v2\/pages"}],"about":[{"href":"https:\/\/kb-familyoffice.com\/en\/wp-json\/wp\/v2\/types\/page"}],"author":[{"embeddable":true,"href":"https:\/\/kb-familyoffice.com\/en\/wp-json\/wp\/v2\/users\/1"}],"replies":[{"embeddable":true,"href":"https:\/\/kb-familyoffice.com\/en\/wp-json\/wp\/v2\/comments?post=4091"}],"version-history":[{"count":0,"href":"https:\/\/kb-familyoffice.com\/en\/wp-json\/wp\/v2\/pages\/4091\/revisions"}],"wp:featuredmedia":[{"embeddable":true,"href":"https:\/\/kb-familyoffice.com\/en\/wp-json\/wp\/v2\/media\/3863"}],"wp:attachment":[{"href":"https:\/\/kb-familyoffice.com\/en\/wp-json\/wp\/v2\/media?parent=4091"}],"curies":[{"name":"wp","href":"https:\/\/api.w.org\/{rel}","templated":true}]}}