{"id":3954,"date":"2020-05-04T21:38:51","date_gmt":"2020-05-04T21:38:51","guid":{"rendered":"https:\/\/kb-familyoffice.com\/romain-dromard\/"},"modified":"2023-04-15T10:21:27","modified_gmt":"2023-04-15T15:21:27","slug":"romain-dromard","status":"publish","type":"page","link":"https:\/\/kb-familyoffice.com\/en\/team-of-advisors\/romain-dromard\/","title":{"rendered":"Romain Dromard"},"content":{"rendered":"\t\t<div data-elementor-type=\"wp-page\" data-elementor-id=\"3954\" class=\"elementor elementor-3954 elementor-1672\" data-elementor-post-type=\"page\">\n\t\t\t\t\t\t<section class=\"elementor-section elementor-top-section elementor-element elementor-element-4f7c144 elementor-section-boxed elementor-section-height-default elementor-section-height-default\" data-id=\"4f7c144\" data-element_type=\"section\" data-e-type=\"section\">\n\t\t\t\t\t\t<div class=\"elementor-container elementor-column-gap-default\">\n\t\t\t\t\t<div class=\"elementor-column elementor-col-100 elementor-top-column elementor-element elementor-element-7213ab8\" data-id=\"7213ab8\" data-element_type=\"column\" data-e-type=\"column\">\n\t\t\t<div class=\"elementor-widget-wrap elementor-element-populated\">\n\t\t\t\t\t\t<div class=\"elementor-element elementor-element-3224389 elementor-widget elementor-widget-template\" data-id=\"3224389\" data-element_type=\"widget\" data-e-type=\"widget\" data-widget_type=\"template.default\">\n\t\t\t\t<div class=\"elementor-widget-container\">\n\t\t\t\t\t\t\t<div class=\"elementor-template\">\n\t\t\t\t\t<div data-elementor-type=\"section\" data-elementor-id=\"4721\" class=\"elementor elementor-4721 elementor-3403 elementor-3403\" data-elementor-post-type=\"elementor_library\">\n\t\t\t\t\t<section class=\"elementor-section elementor-top-section elementor-element elementor-element-22e5287 elementor-section-boxed elementor-section-height-default elementor-section-height-default\" data-id=\"22e5287\" data-element_type=\"section\" data-e-type=\"section\">\n\t\t\t\t\t\t<div class=\"elementor-container elementor-column-gap-wider\">\n\t\t\t\t\t<div class=\"elementor-column elementor-col-100 elementor-top-column elementor-element elementor-element-b0e6af0\" data-id=\"b0e6af0\" data-element_type=\"column\" data-e-type=\"column\">\n\t\t\t<div class=\"elementor-widget-wrap elementor-element-populated\">\n\t\t\t\t\t\t<section class=\"elementor-section elementor-inner-section elementor-element elementor-element-e776171 elementor-section-content-middle elementor-section-boxed elementor-section-height-default elementor-section-height-default\" data-id=\"e776171\" data-element_type=\"section\" data-e-type=\"section\">\n\t\t\t\t\t\t<div class=\"elementor-container elementor-column-gap-wider\">\n\t\t\t\t\t<div class=\"elementor-column elementor-col-50 elementor-inner-column elementor-element elementor-element-0057aaa\" data-id=\"0057aaa\" data-element_type=\"column\" data-e-type=\"column\">\n\t\t\t<div class=\"elementor-widget-wrap elementor-element-populated\">\n\t\t\t\t\t\t<div class=\"elementor-element elementor-element-7fbf3d3 elementor-invisible elementor-widget elementor-widget-image\" data-id=\"7fbf3d3\" data-element_type=\"widget\" data-e-type=\"widget\" data-settings=\"{&quot;_animation&quot;:&quot;fadeInLeft&quot;}\" data-widget_type=\"image.default\">\n\t\t\t\t<div class=\"elementor-widget-container\">\n\t\t\t\t\t\t\t\t\t\t\t\t\t\t\t<img decoding=\"async\" src=\"https:\/\/kb-familyoffice.com\/wp-content\/uploads\/elementor\/thumbs\/T03_Romaind-Dromard_U0A1454-q5uyimn2r12j1rqi2qg94jztzlf3pji89ibfnxu4vg.jpg\" title=\"T03_Romaind Dromard_U0A1454\" alt=\"T03_Romaind Dromard_U0A1454\" loading=\"lazy\" \/>\t\t\t\t\t\t\t\t\t\t\t\t\t\t\t<\/div>\n\t\t\t\t<\/div>\n\t\t\t\t\t<\/div>\n\t\t<\/div>\n\t\t\t\t<div class=\"elementor-column elementor-col-50 elementor-inner-column elementor-element elementor-element-199d58c\" data-id=\"199d58c\" data-element_type=\"column\" data-e-type=\"column\">\n\t\t\t<div class=\"elementor-widget-wrap elementor-element-populated\">\n\t\t\t\t\t\t<div class=\"elementor-element elementor-element-1a2dc4f elementor-invisible elementor-widget elementor-widget-heading\" data-id=\"1a2dc4f\" data-element_type=\"widget\" data-e-type=\"widget\" data-settings=\"{&quot;_animation&quot;:&quot;fadeIn&quot;}\" data-widget_type=\"heading.default\">\n\t\t\t\t<div class=\"elementor-widget-container\">\n\t\t\t\t\t<h1 class=\"elementor-heading-title elementor-size-default\">Romain Dromard<\/h1>\t\t\t\t<\/div>\n\t\t\t\t<\/div>\n\t\t\t\t<div class=\"elementor-element elementor-element-aab2bd5 elementor-invisible elementor-widget elementor-widget-heading\" data-id=\"aab2bd5\" data-element_type=\"widget\" data-e-type=\"widget\" data-settings=\"{&quot;_animation&quot;:&quot;fadeIn&quot;}\" data-widget_type=\"heading.default\">\n\t\t\t\t<div class=\"elementor-widget-container\">\n\t\t\t\t\t<h2 class=\"elementor-heading-title elementor-size-default\">CEO &amp; CIO - Managing Partner<\/h2>\t\t\t\t<\/div>\n\t\t\t\t<\/div>\n\t\t\t\t<div class=\"elementor-element elementor-element-3391770 elementor-view-default elementor-widget elementor-widget-icon\" data-id=\"3391770\" data-element_type=\"widget\" data-e-type=\"widget\" data-widget_type=\"icon.default\">\n\t\t\t\t<div class=\"elementor-widget-container\">\n\t\t\t\t\t\t\t<div class=\"elementor-icon-wrapper\">\n\t\t\t<a class=\"elementor-icon\" href=\"https:\/\/www.linkedin.com\/in\/romaindromard\/\" target=\"_blank\">\n\t\t\t<i aria-hidden=\"true\" class=\"fab fa-linkedin\"><\/i>\t\t\t<\/a>\n\t\t<\/div>\n\t\t\t\t\t\t<\/div>\n\t\t\t\t<\/div>\n\t\t\t\t\t<\/div>\n\t\t<\/div>\n\t\t\t\t\t<\/div>\n\t\t<\/section>\n\t\t\t\t<section class=\"elementor-section elementor-inner-section elementor-element elementor-element-92a06c1 elementor-section-boxed elementor-section-height-default elementor-section-height-default\" data-id=\"92a06c1\" data-element_type=\"section\" data-e-type=\"section\">\n\t\t\t\t\t\t<div class=\"elementor-container elementor-column-gap-wider\">\n\t\t\t\t\t<div class=\"elementor-column elementor-col-100 elementor-inner-column elementor-element elementor-element-1f9d117\" data-id=\"1f9d117\" data-element_type=\"column\" data-e-type=\"column\">\n\t\t\t<div class=\"elementor-widget-wrap elementor-element-populated\">\n\t\t\t\t\t\t<div class=\"elementor-element elementor-element-00fad51 elementor-widget elementor-widget-text-editor\" data-id=\"00fad51\" data-element_type=\"widget\" data-e-type=\"widget\" data-widget_type=\"text-editor.default\">\n\t\t\t\t<div class=\"elementor-widget-container\">\n\t\t\t\t\t\t\t\t\t<p>Romain joined K&amp;B Family Office in December 2012, as Portfolio Analyst Manager. In 2015, he was appointed Investment Manager and has been a partner of K&amp;B Family Office since 2016; he is primarily involved in cross asset investment, including group equity management. He also oversees the Family Office&#8217;s various strategic relationships with banks and other financial institutions.<\/p>\n<p>He has extensive knowledge of the financial markets, experience in investment strategies and portfolio management.<\/p>\n<p>Prior to joining K&amp;B Family Office, Romain held several positions in the investment bank Soci\u00e9t\u00e9 G\u00e9n\u00e9rale in Paris, London and New York, gaining experience in various areas such as trading or marketing of derivative products, alternative strategies and risk management.<\/p>\n<p>Romain holds a double Master&#8217;s degree in Engineering from EFREI University and in Business Administration and Finance from University College of London.\u00a0In addition, he obtained the license for Stock Broker and Analyst, granted by the Superintendence of the Stock Market of Panama. He speaks French, English and Spanish.<\/p>\n\t\t\t\t\t\t\t\t<\/div>\n\t\t\t\t<\/div>\n\t\t\t\t<div class=\"elementor-element elementor-element-2fced020 elementor-align-right elementor-widget elementor-widget-button\" data-id=\"2fced020\" data-element_type=\"widget\" data-e-type=\"widget\" data-widget_type=\"button.default\">\n\t\t\t\t<div class=\"elementor-widget-container\">\n\t\t\t\t\t\t\t\t\t<div class=\"elementor-button-wrapper\">\n\t\t\t\t\t<a class=\"elementor-button elementor-button-link elementor-size-sm\" href=\"https:\/\/kb-familyoffice.com\/en\/team-of-advisors\/\">\n\t\t\t\t\t\t<span class=\"elementor-button-content-wrapper\">\n\t\t\t\t\t\t\t\t\t<span class=\"elementor-button-text\">See the complete team<\/span>\n\t\t\t\t\t<\/span>\n\t\t\t\t\t<\/a>\n\t\t\t\t<\/div>\n\t\t\t\t\t\t\t\t<\/div>\n\t\t\t\t<\/div>\n\t\t\t\t\t<\/div>\n\t\t<\/div>\n\t\t\t\t\t<\/div>\n\t\t<\/section>\n\t\t\t\t\t<\/div>\n\t\t<\/div>\n\t\t\t\t\t<\/div>\n\t\t<\/section>\n\t\t\t\t<\/div>\n\t\t\t\t<\/div>\n\t\t\t\t\t\t<\/div>\n\t\t\t\t<\/div>\n\t\t\t\t\t<\/div>\n\t\t<\/div>\n\t\t\t\t\t<\/div>\n\t\t<\/section>\n\t\t\t\t<section class=\"elementor-section elementor-top-section elementor-element elementor-element-37d0beb publicaciones elementor-section-boxed elementor-section-height-default elementor-section-height-default\" data-id=\"37d0beb\" data-element_type=\"section\" data-e-type=\"section\">\n\t\t\t\t\t\t<div class=\"elementor-container elementor-column-gap-default\">\n\t\t\t\t\t<div class=\"elementor-column elementor-col-100 elementor-top-column elementor-element elementor-element-3fbbe8f\" data-id=\"3fbbe8f\" data-element_type=\"column\" data-e-type=\"column\">\n\t\t\t<div class=\"elementor-widget-wrap elementor-element-populated\">\n\t\t\t\t\t\t<div class=\"elementor-element elementor-element-18fb7b8 elementor-widget elementor-widget-heading\" data-id=\"18fb7b8\" data-element_type=\"widget\" data-e-type=\"widget\" data-widget_type=\"heading.default\">\n\t\t\t\t<div class=\"elementor-widget-container\">\n\t\t\t\t\t<h2 class=\"elementor-heading-title elementor-size-default\">Publications<\/h2>\t\t\t\t<\/div>\n\t\t\t\t<\/div>\n\t\t\t\t<div class=\"elementor-element elementor-element-7799d8a premium-blog-align-left elementor-widget elementor-widget-premium-addon-blog\" data-id=\"7799d8a\" data-element_type=\"widget\" data-e-type=\"widget\" data-settings=\"{&quot;premium_blog_columns_number&quot;:&quot;33.33%&quot;,&quot;premium_blog_infinite_scroll&quot;:&quot;yes&quot;,&quot;premium_blog_grid&quot;:&quot;yes&quot;,&quot;premium_blog_layout&quot;:&quot;even&quot;,&quot;premium_blog_columns_number_tablet&quot;:&quot;50%&quot;,&quot;premium_blog_columns_number_mobile&quot;:&quot;100%&quot;}\" data-widget_type=\"premium-addon-blog.default\">\n\t\t\t\t<div class=\"elementor-widget-container\">\n\t\t\t\t\t\n\t\t\n\n\t\t\t\t<div class=\"premium-blog-wrap  premium-blog-even\" data-page=\"3954\">\n\t\t\t\t\t\t\t\t\t<div class=\"premium-blog-post-outer-container\" data-total=\"1\">\n\t\t\t<div class=\"premium-blog-post-container premium-blog-skin-cards\">\n\t\t\t\t\t\t\t\t\t<div class=\"premium-blog-thumb-effect-wrapper\">\n\t\t\t\t\t\t<div class=\"premium-blog-thumbnail-container premium-blog-zoomin-effect\">\n\t\t\t\t\t\t\t\t\t\t\t<a href=\"https:\/\/kb-familyoffice.com\/en\/why-invest-in-multi-asset-funds\/\" target=\"_blank\">\n\t\t\t\t<img fetchpriority=\"high\" decoding=\"async\" width=\"1024\" height=\"683\" src=\"https:\/\/kb-familyoffice.com\/wp-content\/uploads\/2018\/05\/Multi-asset-investments.jpg\" class=\"attachment-full size-full wp-image-4042\" alt=\"\" srcset=\"https:\/\/kb-familyoffice.com\/wp-content\/uploads\/2018\/05\/Multi-asset-investments.jpg 1024w, https:\/\/kb-familyoffice.com\/wp-content\/uploads\/2018\/05\/Multi-asset-investments-300x200.jpg 300w, https:\/\/kb-familyoffice.com\/wp-content\/uploads\/2018\/05\/Multi-asset-investments-768x512.jpg 768w\" sizes=\"(max-width: 1024px) 100vw, 1024px\" \/>\t\t\t\t<\/a>\n\t\t\t\t\t\t\t\t\t\t<\/div>\n\t\t\t\t\t\t\t\t\t\t\t\t\t<div class=\"premium-blog-effect-container premium-blog-diagonal-effect\">\n\t\t\t\t\t\t\t\t<a class=\"premium-blog-post-link\" href=\"https:\/\/kb-familyoffice.com\/en\/why-invest-in-multi-asset-funds\/\" target=\"_blank\"><span>Why Invest in Multi-Asset Funds?<\/span><\/a>\n\t\t\t\t\t\t\t\t\t\t\t\t\t\t\t<\/div>\n\t\t\t\t\t\t\t\t\t\t\t<\/div>\n\t\t\t\t\t\t\t\t\t\t\t\t\t\t\t\t\t\t\t\t\t<div class=\"premium-blog-content-wrapper \">\n\n\t\t\t\t\t<div class=\"premium-blog-inner-container\">\n\n\t\t\t\t\t\t\t\t\t\t\t\t\t\t<h2 class=\"premium-blog-entry-title\">\n\t\t\t<a href=\"https:\/\/kb-familyoffice.com\/en\/why-invest-in-multi-asset-funds\/\" target=\"_blank\">\n\t\t\t\tWhy Invest in Multi-Asset Funds?\t\t\t<\/a>\n\t\t<\/h2>\n\t\t\n\t\t\t\t\t<\/div>\n\n\t\t\t\t\t\t\t<div class=\"premium-blog-content-inner-wrapper\">\n\t\t<p class=\"premium-blog-post-content\">Whether your goal as an investor is capital growth, income generation, or simply inflation protection, it all comes back to the same equation.<\/p>\t\t<\/div>\n\t\t\t\t<div class=\"premium-blog-entry-meta\">\n\t\t\t\n\t\t\t\n\t\t\t\n\t\t\t\t\t<\/div>\n\t\t\t\t\t\t\t\n\t\t\t\t<\/div>\n\t\t\t<\/div>\n\t\t<\/div>\n\n\t\t\t\t\t\t\t<\/div>\n\n\t\t\n\t\t\n\t\t\t\t\t\t<\/div>\n\t\t\t\t<\/div>\n\t\t\t\t\t<\/div>\n\t\t<\/div>\n\t\t\t\t\t<\/div>\n\t\t<\/section>\n\t\t\t\t<\/div>\n\t\t","protected":false},"excerpt":{"rendered":"<p>Publications El testamento en Panam\u00e1 El testamento en Panam\u00e1 A lo largo de toda nuestra vida estamos intentando mejorar nuestro estatus econ\u00f3mico, acumular m\u00e1s bienes y aumentar nuestro patrimonio, pero en \u2026 Permiso de residencia de pa\u00edses amigos en Panam\u00e1 2021 Permiso de residencia de pa\u00edses amigos en Panam\u00e1 2021 La visa de pa\u00edses amigos [&hellip;]<\/p>\n","protected":false},"author":3,"featured_media":3863,"parent":11256,"menu_order":0,"comment_status":"closed","ping_status":"closed","template":"elementor_header_footer","meta":{"_acf_changed":false,"footnotes":""},"class_list":["post-3954","page","type-page","status-publish","has-post-thumbnail","hentry"],"acf":[],"yoast_head":"<!-- This site is optimized with the Yoast SEO plugin v27.3 - https:\/\/yoast.com\/product\/yoast-seo-wordpress\/ -->\n<title>Romain Dromard - K&amp;B Family Office<\/title>\n<meta name=\"description\" content=\"Publications El testamento en Panam\u00e1 El testamento en Panam\u00e1 A lo largo de toda nuestra vida estamos intentando mejorar nuestro estatus econ\u00f3mico,\" \/>\n<meta name=\"robots\" content=\"index, follow, max-snippet:-1, max-image-preview:large, max-video-preview:-1\" \/>\n<link rel=\"canonical\" href=\"https:\/\/kb-familyoffice.com\/en\/team-of-advisors\/romain-dromard\/\" \/>\n<meta property=\"og:locale\" content=\"en_US\" \/>\n<meta property=\"og:type\" content=\"article\" \/>\n<meta property=\"og:title\" content=\"Romain Dromard - K&amp;B Family Office\" \/>\n<meta property=\"og:description\" content=\"Publications El testamento en Panam\u00e1 El testamento en Panam\u00e1 A lo largo de toda nuestra vida estamos intentando mejorar nuestro estatus econ\u00f3mico,\" \/>\n<meta property=\"og:url\" content=\"https:\/\/kb-familyoffice.com\/en\/team-of-advisors\/romain-dromard\/\" \/>\n<meta property=\"og:site_name\" content=\"K&amp;B Family Office\" \/>\n<meta property=\"article:publisher\" content=\"https:\/\/www.facebook.com\/KB-Family-Office-102608398730665\" \/>\n<meta property=\"article:modified_time\" content=\"2023-04-15T15:21:27+00:00\" \/>\n<meta property=\"og:image\" content=\"https:\/\/kb-familyoffice.com\/wp-content\/uploads\/2020\/04\/Logo_U0A6784-1-1280x853-2-e1594147121945.jpg\" \/>\n\t<meta property=\"og:image:width\" content=\"1280\" \/>\n\t<meta property=\"og:image:height\" content=\"678\" \/>\n\t<meta property=\"og:image:type\" content=\"image\/jpeg\" \/>\n<meta name=\"twitter:card\" content=\"summary_large_image\" \/>\n<meta name=\"twitter:label1\" content=\"Est. reading time\" \/>\n\t<meta name=\"twitter:data1\" content=\"10 minutes\" \/>\n<script type=\"application\/ld+json\" class=\"yoast-schema-graph\">{\"@context\":\"https:\\\/\\\/schema.org\",\"@graph\":[{\"@type\":\"WebPage\",\"@id\":\"https:\\\/\\\/kb-familyoffice.com\\\/en\\\/team-of-advisors\\\/romain-dromard\\\/\",\"url\":\"https:\\\/\\\/kb-familyoffice.com\\\/en\\\/team-of-advisors\\\/romain-dromard\\\/\",\"name\":\"Romain Dromard - K&amp;B Family Office\",\"isPartOf\":{\"@id\":\"https:\\\/\\\/kb-familyoffice.com\\\/en\\\/#website\"},\"primaryImageOfPage\":{\"@id\":\"https:\\\/\\\/kb-familyoffice.com\\\/en\\\/team-of-advisors\\\/romain-dromard\\\/#primaryimage\"},\"image\":{\"@id\":\"https:\\\/\\\/kb-familyoffice.com\\\/en\\\/team-of-advisors\\\/romain-dromard\\\/#primaryimage\"},\"thumbnailUrl\":\"https:\\\/\\\/kb-familyoffice.com\\\/wp-content\\\/uploads\\\/2020\\\/04\\\/Logo_U0A6784-1-1280x853-2-e1594147121945.jpg\",\"datePublished\":\"2020-05-04T21:38:51+00:00\",\"dateModified\":\"2023-04-15T15:21:27+00:00\",\"description\":\"Publications El testamento en Panam\u00e1 El testamento en Panam\u00e1 A lo largo de toda nuestra vida estamos intentando mejorar nuestro estatus econ\u00f3mico,\",\"breadcrumb\":{\"@id\":\"https:\\\/\\\/kb-familyoffice.com\\\/en\\\/team-of-advisors\\\/romain-dromard\\\/#breadcrumb\"},\"inLanguage\":\"en-US\",\"potentialAction\":[{\"@type\":\"ReadAction\",\"target\":[\"https:\\\/\\\/kb-familyoffice.com\\\/en\\\/team-of-advisors\\\/romain-dromard\\\/\"]}]},{\"@type\":\"ImageObject\",\"inLanguage\":\"en-US\",\"@id\":\"https:\\\/\\\/kb-familyoffice.com\\\/en\\\/team-of-advisors\\\/romain-dromard\\\/#primaryimage\",\"url\":\"https:\\\/\\\/kb-familyoffice.com\\\/wp-content\\\/uploads\\\/2020\\\/04\\\/Logo_U0A6784-1-1280x853-2-e1594147121945.jpg\",\"contentUrl\":\"https:\\\/\\\/kb-familyoffice.com\\\/wp-content\\\/uploads\\\/2020\\\/04\\\/Logo_U0A6784-1-1280x853-2-e1594147121945.jpg\",\"width\":1280,\"height\":678},{\"@type\":\"BreadcrumbList\",\"@id\":\"https:\\\/\\\/kb-familyoffice.com\\\/en\\\/team-of-advisors\\\/romain-dromard\\\/#breadcrumb\",\"itemListElement\":[{\"@type\":\"ListItem\",\"position\":1,\"name\":\"Portada\",\"item\":\"https:\\\/\\\/kb-familyoffice.com\\\/en\\\/\"},{\"@type\":\"ListItem\",\"position\":2,\"name\":\"Team of Advisors\",\"item\":\"https:\\\/\\\/kb-familyoffice.com\\\/en\\\/team-of-advisors\\\/\"},{\"@type\":\"ListItem\",\"position\":3,\"name\":\"Romain Dromard\"}]},{\"@type\":\"WebSite\",\"@id\":\"https:\\\/\\\/kb-familyoffice.com\\\/en\\\/#website\",\"url\":\"https:\\\/\\\/kb-familyoffice.com\\\/en\\\/\",\"name\":\"K&B Family Office\",\"description\":\"Gesti\u00f3n patrimonial a familias e individuos de \u00e9xito desde 2007\",\"publisher\":{\"@id\":\"https:\\\/\\\/kb-familyoffice.com\\\/en\\\/#organization\"},\"alternateName\":\"K&B Family Office\",\"potentialAction\":[{\"@type\":\"SearchAction\",\"target\":{\"@type\":\"EntryPoint\",\"urlTemplate\":\"https:\\\/\\\/kb-familyoffice.com\\\/en\\\/?s={search_term_string}\"},\"query-input\":{\"@type\":\"PropertyValueSpecification\",\"valueRequired\":true,\"valueName\":\"search_term_string\"}}],\"inLanguage\":\"en-US\"},{\"@type\":\"Organization\",\"@id\":\"https:\\\/\\\/kb-familyoffice.com\\\/en\\\/#organization\",\"name\":\"K&B Family Office\",\"alternateName\":\"K&B Family Office\",\"url\":\"https:\\\/\\\/kb-familyoffice.com\\\/en\\\/\",\"logo\":{\"@type\":\"ImageObject\",\"inLanguage\":\"en-US\",\"@id\":\"https:\\\/\\\/kb-familyoffice.com\\\/en\\\/#\\\/schema\\\/logo\\\/image\\\/\",\"url\":\"https:\\\/\\\/kb-familyoffice.com\\\/wp-content\\\/uploads\\\/2020\\\/03\\\/Logo-KB-Family-Office-web.png\",\"contentUrl\":\"https:\\\/\\\/kb-familyoffice.com\\\/wp-content\\\/uploads\\\/2020\\\/03\\\/Logo-KB-Family-Office-web.png\",\"width\":432,\"height\":150,\"caption\":\"K&B Family Office\"},\"image\":{\"@id\":\"https:\\\/\\\/kb-familyoffice.com\\\/en\\\/#\\\/schema\\\/logo\\\/image\\\/\"},\"sameAs\":[\"https:\\\/\\\/www.facebook.com\\\/KB-Family-Office-102608398730665\",\"https:\\\/\\\/www.linkedin.com\\\/company\\\/kb-family-office\\\/\",\"https:\\\/\\\/www.instagram.com\\\/kbfamilyoffice\\\/\"]}]}<\/script>\n<!-- \/ Yoast SEO plugin. -->","yoast_head_json":{"title":"Romain Dromard - K&amp;B Family Office","description":"Publications El testamento en Panam\u00e1 El testamento en Panam\u00e1 A lo largo de toda nuestra vida estamos intentando mejorar nuestro estatus econ\u00f3mico,","robots":{"index":"index","follow":"follow","max-snippet":"max-snippet:-1","max-image-preview":"max-image-preview:large","max-video-preview":"max-video-preview:-1"},"canonical":"https:\/\/kb-familyoffice.com\/en\/team-of-advisors\/romain-dromard\/","og_locale":"en_US","og_type":"article","og_title":"Romain Dromard - K&amp;B Family Office","og_description":"Publications El testamento en Panam\u00e1 El testamento en Panam\u00e1 A lo largo de toda nuestra vida estamos intentando mejorar nuestro estatus econ\u00f3mico,","og_url":"https:\/\/kb-familyoffice.com\/en\/team-of-advisors\/romain-dromard\/","og_site_name":"K&amp;B Family Office","article_publisher":"https:\/\/www.facebook.com\/KB-Family-Office-102608398730665","article_modified_time":"2023-04-15T15:21:27+00:00","og_image":[{"width":1280,"height":678,"url":"https:\/\/kb-familyoffice.com\/wp-content\/uploads\/2020\/04\/Logo_U0A6784-1-1280x853-2-e1594147121945.jpg","type":"image\/jpeg"}],"twitter_card":"summary_large_image","twitter_misc":{"Est. reading time":"10 minutes"},"schema":{"@context":"https:\/\/schema.org","@graph":[{"@type":"WebPage","@id":"https:\/\/kb-familyoffice.com\/en\/team-of-advisors\/romain-dromard\/","url":"https:\/\/kb-familyoffice.com\/en\/team-of-advisors\/romain-dromard\/","name":"Romain Dromard - K&amp;B Family Office","isPartOf":{"@id":"https:\/\/kb-familyoffice.com\/en\/#website"},"primaryImageOfPage":{"@id":"https:\/\/kb-familyoffice.com\/en\/team-of-advisors\/romain-dromard\/#primaryimage"},"image":{"@id":"https:\/\/kb-familyoffice.com\/en\/team-of-advisors\/romain-dromard\/#primaryimage"},"thumbnailUrl":"https:\/\/kb-familyoffice.com\/wp-content\/uploads\/2020\/04\/Logo_U0A6784-1-1280x853-2-e1594147121945.jpg","datePublished":"2020-05-04T21:38:51+00:00","dateModified":"2023-04-15T15:21:27+00:00","description":"Publications El testamento en Panam\u00e1 El testamento en Panam\u00e1 A lo largo de toda nuestra vida estamos intentando mejorar nuestro estatus econ\u00f3mico,","breadcrumb":{"@id":"https:\/\/kb-familyoffice.com\/en\/team-of-advisors\/romain-dromard\/#breadcrumb"},"inLanguage":"en-US","potentialAction":[{"@type":"ReadAction","target":["https:\/\/kb-familyoffice.com\/en\/team-of-advisors\/romain-dromard\/"]}]},{"@type":"ImageObject","inLanguage":"en-US","@id":"https:\/\/kb-familyoffice.com\/en\/team-of-advisors\/romain-dromard\/#primaryimage","url":"https:\/\/kb-familyoffice.com\/wp-content\/uploads\/2020\/04\/Logo_U0A6784-1-1280x853-2-e1594147121945.jpg","contentUrl":"https:\/\/kb-familyoffice.com\/wp-content\/uploads\/2020\/04\/Logo_U0A6784-1-1280x853-2-e1594147121945.jpg","width":1280,"height":678},{"@type":"BreadcrumbList","@id":"https:\/\/kb-familyoffice.com\/en\/team-of-advisors\/romain-dromard\/#breadcrumb","itemListElement":[{"@type":"ListItem","position":1,"name":"Portada","item":"https:\/\/kb-familyoffice.com\/en\/"},{"@type":"ListItem","position":2,"name":"Team of Advisors","item":"https:\/\/kb-familyoffice.com\/en\/team-of-advisors\/"},{"@type":"ListItem","position":3,"name":"Romain Dromard"}]},{"@type":"WebSite","@id":"https:\/\/kb-familyoffice.com\/en\/#website","url":"https:\/\/kb-familyoffice.com\/en\/","name":"K&B Family Office","description":"Gesti\u00f3n patrimonial a familias e individuos de \u00e9xito desde 2007","publisher":{"@id":"https:\/\/kb-familyoffice.com\/en\/#organization"},"alternateName":"K&B Family Office","potentialAction":[{"@type":"SearchAction","target":{"@type":"EntryPoint","urlTemplate":"https:\/\/kb-familyoffice.com\/en\/?s={search_term_string}"},"query-input":{"@type":"PropertyValueSpecification","valueRequired":true,"valueName":"search_term_string"}}],"inLanguage":"en-US"},{"@type":"Organization","@id":"https:\/\/kb-familyoffice.com\/en\/#organization","name":"K&B Family Office","alternateName":"K&B Family Office","url":"https:\/\/kb-familyoffice.com\/en\/","logo":{"@type":"ImageObject","inLanguage":"en-US","@id":"https:\/\/kb-familyoffice.com\/en\/#\/schema\/logo\/image\/","url":"https:\/\/kb-familyoffice.com\/wp-content\/uploads\/2020\/03\/Logo-KB-Family-Office-web.png","contentUrl":"https:\/\/kb-familyoffice.com\/wp-content\/uploads\/2020\/03\/Logo-KB-Family-Office-web.png","width":432,"height":150,"caption":"K&B Family Office"},"image":{"@id":"https:\/\/kb-familyoffice.com\/en\/#\/schema\/logo\/image\/"},"sameAs":["https:\/\/www.facebook.com\/KB-Family-Office-102608398730665","https:\/\/www.linkedin.com\/company\/kb-family-office\/","https:\/\/www.instagram.com\/kbfamilyoffice\/"]}]}},"_links":{"self":[{"href":"https:\/\/kb-familyoffice.com\/en\/wp-json\/wp\/v2\/pages\/3954","targetHints":{"allow":["GET"]}}],"collection":[{"href":"https:\/\/kb-familyoffice.com\/en\/wp-json\/wp\/v2\/pages"}],"about":[{"href":"https:\/\/kb-familyoffice.com\/en\/wp-json\/wp\/v2\/types\/page"}],"author":[{"embeddable":true,"href":"https:\/\/kb-familyoffice.com\/en\/wp-json\/wp\/v2\/users\/3"}],"replies":[{"embeddable":true,"href":"https:\/\/kb-familyoffice.com\/en\/wp-json\/wp\/v2\/comments?post=3954"}],"version-history":[{"count":0,"href":"https:\/\/kb-familyoffice.com\/en\/wp-json\/wp\/v2\/pages\/3954\/revisions"}],"up":[{"embeddable":true,"href":"https:\/\/kb-familyoffice.com\/en\/wp-json\/wp\/v2\/pages\/11256"}],"wp:featuredmedia":[{"embeddable":true,"href":"https:\/\/kb-familyoffice.com\/en\/wp-json\/wp\/v2\/media\/3863"}],"wp:attachment":[{"href":"https:\/\/kb-familyoffice.com\/en\/wp-json\/wp\/v2\/media?parent=3954"}],"curies":[{"name":"wp","href":"https:\/\/api.w.org\/{rel}","templated":true}]}}