{"id":3920,"date":"2020-08-10T18:48:33","date_gmt":"2020-08-10T18:48:33","guid":{"rendered":"https:\/\/kb-familyoffice.com\/dorothee-berhet\/"},"modified":"2023-04-15T11:42:20","modified_gmt":"2023-04-15T16:42:20","slug":"dorothee-berthet","status":"publish","type":"page","link":"https:\/\/kb-familyoffice.com\/en\/team-of-advisors\/dorothee-berthet\/","title":{"rendered":"Dorothee Berthet"},"content":{"rendered":"\t\t<div data-elementor-type=\"wp-page\" data-elementor-id=\"3920\" class=\"elementor elementor-3920 elementor-3370\" data-elementor-post-type=\"page\">\n\t\t\t\t\t\t<section class=\"elementor-section elementor-top-section elementor-element elementor-element-eddf034 elementor-section-boxed elementor-section-height-default elementor-section-height-default\" data-id=\"eddf034\" data-element_type=\"section\" data-e-type=\"section\">\n\t\t\t\t\t\t<div class=\"elementor-container elementor-column-gap-default\">\n\t\t\t\t\t<div class=\"elementor-column elementor-col-100 elementor-top-column elementor-element elementor-element-4aee5c9\" data-id=\"4aee5c9\" data-element_type=\"column\" data-e-type=\"column\">\n\t\t\t<div class=\"elementor-widget-wrap elementor-element-populated\">\n\t\t\t\t\t\t<div class=\"elementor-element elementor-element-307c60d elementor-widget elementor-widget-template\" data-id=\"307c60d\" data-element_type=\"widget\" data-e-type=\"widget\" data-widget_type=\"template.default\">\n\t\t\t\t<div class=\"elementor-widget-container\">\n\t\t\t\t\t\t\t<div class=\"elementor-template\">\n\t\t\t\t\t<div data-elementor-type=\"section\" data-elementor-id=\"4721\" class=\"elementor elementor-4721 elementor-3403 elementor-3403\" data-elementor-post-type=\"elementor_library\">\n\t\t\t\t\t<section class=\"elementor-section elementor-top-section elementor-element elementor-element-22e5287 elementor-section-boxed elementor-section-height-default elementor-section-height-default\" data-id=\"22e5287\" data-element_type=\"section\" data-e-type=\"section\">\n\t\t\t\t\t\t<div class=\"elementor-container elementor-column-gap-wider\">\n\t\t\t\t\t<div class=\"elementor-column elementor-col-100 elementor-top-column elementor-element elementor-element-b0e6af0\" data-id=\"b0e6af0\" data-element_type=\"column\" data-e-type=\"column\">\n\t\t\t<div class=\"elementor-widget-wrap elementor-element-populated\">\n\t\t\t\t\t\t<section class=\"elementor-section elementor-inner-section elementor-element elementor-element-e776171 elementor-section-content-middle elementor-section-boxed elementor-section-height-default elementor-section-height-default\" data-id=\"e776171\" data-element_type=\"section\" data-e-type=\"section\">\n\t\t\t\t\t\t<div class=\"elementor-container elementor-column-gap-wider\">\n\t\t\t\t\t<div class=\"elementor-column elementor-col-50 elementor-inner-column elementor-element elementor-element-0057aaa\" data-id=\"0057aaa\" data-element_type=\"column\" data-e-type=\"column\">\n\t\t\t<div class=\"elementor-widget-wrap elementor-element-populated\">\n\t\t\t\t\t\t<div class=\"elementor-element elementor-element-7fbf3d3 elementor-invisible elementor-widget elementor-widget-image\" data-id=\"7fbf3d3\" data-element_type=\"widget\" data-e-type=\"widget\" data-settings=\"{&quot;_animation&quot;:&quot;fadeInLeft&quot;}\" data-widget_type=\"image.default\">\n\t\t\t\t<div class=\"elementor-widget-container\">\n\t\t\t\t\t\t\t\t\t\t\t\t\t\t\t<img decoding=\"async\" src=\"https:\/\/kb-familyoffice.com\/wp-content\/uploads\/elementor\/thumbs\/T13_Dorothee-Berthet_U0A1090-q5uyimn2r12j1rqi2qg94jztzlf3pji89ibfnxu4vg.jpg\" title=\"T13_Dorothee Berthet_U0A1090\" alt=\"T13_Dorothee Berthet_U0A1090\" loading=\"lazy\" \/>\t\t\t\t\t\t\t\t\t\t\t\t\t\t\t<\/div>\n\t\t\t\t<\/div>\n\t\t\t\t\t<\/div>\n\t\t<\/div>\n\t\t\t\t<div class=\"elementor-column elementor-col-50 elementor-inner-column elementor-element elementor-element-199d58c\" data-id=\"199d58c\" data-element_type=\"column\" data-e-type=\"column\">\n\t\t\t<div class=\"elementor-widget-wrap elementor-element-populated\">\n\t\t\t\t\t\t<div class=\"elementor-element elementor-element-1a2dc4f elementor-invisible elementor-widget elementor-widget-heading\" data-id=\"1a2dc4f\" data-element_type=\"widget\" data-e-type=\"widget\" data-settings=\"{&quot;_animation&quot;:&quot;fadeIn&quot;}\" data-widget_type=\"heading.default\">\n\t\t\t\t<div class=\"elementor-widget-container\">\n\t\t\t\t\t<h1 class=\"elementor-heading-title elementor-size-default\">Dorothee Berthet<\/h1>\t\t\t\t<\/div>\n\t\t\t\t<\/div>\n\t\t\t\t<div class=\"elementor-element elementor-element-aab2bd5 elementor-invisible elementor-widget elementor-widget-heading\" data-id=\"aab2bd5\" data-element_type=\"widget\" data-e-type=\"widget\" data-settings=\"{&quot;_animation&quot;:&quot;fadeIn&quot;}\" data-widget_type=\"heading.default\">\n\t\t\t\t<div class=\"elementor-widget-container\">\n\t\t\t\t\t<h2 class=\"elementor-heading-title elementor-size-default\">Founding Partner<\/h2>\t\t\t\t<\/div>\n\t\t\t\t<\/div>\n\t\t\t\t<div class=\"elementor-element elementor-element-3391770 elementor-view-default elementor-widget elementor-widget-icon\" data-id=\"3391770\" data-element_type=\"widget\" data-e-type=\"widget\" data-widget_type=\"icon.default\">\n\t\t\t\t<div class=\"elementor-widget-container\">\n\t\t\t\t\t\t\t<div class=\"elementor-icon-wrapper\">\n\t\t\t<a class=\"elementor-icon\" href=\"https:\/\/www.linkedin.com\/in\/d0r0th33\/\" target=\"_blank\">\n\t\t\t<i aria-hidden=\"true\" class=\"fab fa-linkedin\"><\/i>\t\t\t<\/a>\n\t\t<\/div>\n\t\t\t\t\t\t<\/div>\n\t\t\t\t<\/div>\n\t\t\t\t\t<\/div>\n\t\t<\/div>\n\t\t\t\t\t<\/div>\n\t\t<\/section>\n\t\t\t\t<section class=\"elementor-section elementor-inner-section elementor-element elementor-element-92a06c1 elementor-section-boxed elementor-section-height-default elementor-section-height-default\" data-id=\"92a06c1\" data-element_type=\"section\" data-e-type=\"section\">\n\t\t\t\t\t\t<div class=\"elementor-container elementor-column-gap-wider\">\n\t\t\t\t\t<div class=\"elementor-column elementor-col-100 elementor-inner-column elementor-element elementor-element-1f9d117\" data-id=\"1f9d117\" data-element_type=\"column\" data-e-type=\"column\">\n\t\t\t<div class=\"elementor-widget-wrap elementor-element-populated\">\n\t\t\t\t\t\t<div class=\"elementor-element elementor-element-00fad51 elementor-widget elementor-widget-text-editor\" data-id=\"00fad51\" data-element_type=\"widget\" data-e-type=\"widget\" data-widget_type=\"text-editor.default\">\n\t\t\t\t<div class=\"elementor-widget-container\">\n\t\t\t\t\t\t\t\t\t<p>Dorothee started working at K&amp;B Family Office in April 2007, as Legal Advisor in charge of obtaining the investment advisor license. With a Senior Executive and Analyst license, she worked as Administrative and Legal Director for K&amp;B Financial Group.<\/p>\n<p>In 2013, she co-founded K&amp;B Trust Services, where she served as General Manager.<\/p>\n<p>Since 2017, she became the Head of Private Equity at K&amp;B Family Office. He is responsible for the development of the real estate projects in the Casco Antiguo of Panama City and supervises the new department of real estate management.<\/p>\n<p>Previously, Dorothee was responsible for strategic planning at Publicuatro Ogilvy in Panama. She graduated from Sciences Po Paris with a Master&#8217;s degree in Marketing Studies and Strategy. In addition, she obtained the license for Stock Broker and Analyst, as well as the license for Chief Executive, granted by the Superintendence of the Stock Market of Panama.<\/p>\n<p>Dorothee speaks French, Spanish and English.<\/p>\n\t\t\t\t\t\t\t\t<\/div>\n\t\t\t\t<\/div>\n\t\t\t\t<div class=\"elementor-element elementor-element-2fced020 elementor-align-right elementor-widget elementor-widget-button\" data-id=\"2fced020\" data-element_type=\"widget\" data-e-type=\"widget\" data-widget_type=\"button.default\">\n\t\t\t\t<div class=\"elementor-widget-container\">\n\t\t\t\t\t\t\t\t\t<div class=\"elementor-button-wrapper\">\n\t\t\t\t\t<a class=\"elementor-button elementor-button-link elementor-size-sm\" href=\"https:\/\/kb-familyoffice.com\/en\/team-of-advisors\/\">\n\t\t\t\t\t\t<span class=\"elementor-button-content-wrapper\">\n\t\t\t\t\t\t\t\t\t<span class=\"elementor-button-text\">See the complete team<\/span>\n\t\t\t\t\t<\/span>\n\t\t\t\t\t<\/a>\n\t\t\t\t<\/div>\n\t\t\t\t\t\t\t\t<\/div>\n\t\t\t\t<\/div>\n\t\t\t\t\t<\/div>\n\t\t<\/div>\n\t\t\t\t\t<\/div>\n\t\t<\/section>\n\t\t\t\t\t<\/div>\n\t\t<\/div>\n\t\t\t\t\t<\/div>\n\t\t<\/section>\n\t\t\t\t<\/div>\n\t\t\t\t<\/div>\n\t\t\t\t\t\t<\/div>\n\t\t\t\t<\/div>\n\t\t\t\t\t<\/div>\n\t\t<\/div>\n\t\t\t\t\t<\/div>\n\t\t<\/section>\n\t\t\t\t<section class=\"elementor-section elementor-top-section elementor-element elementor-element-e7f8f20 publicaciones elementor-section-boxed elementor-section-height-default elementor-section-height-default\" data-id=\"e7f8f20\" data-element_type=\"section\" data-e-type=\"section\">\n\t\t\t\t\t\t<div class=\"elementor-container elementor-column-gap-default\">\n\t\t\t\t\t<div class=\"elementor-column elementor-col-100 elementor-top-column elementor-element elementor-element-585cc22\" data-id=\"585cc22\" data-element_type=\"column\" data-e-type=\"column\">\n\t\t\t<div class=\"elementor-widget-wrap elementor-element-populated\">\n\t\t\t\t\t\t<div class=\"elementor-element elementor-element-f94a6fe elementor-widget elementor-widget-heading\" data-id=\"f94a6fe\" data-element_type=\"widget\" data-e-type=\"widget\" data-widget_type=\"heading.default\">\n\t\t\t\t<div class=\"elementor-widget-container\">\n\t\t\t\t\t<h2 class=\"elementor-heading-title elementor-size-default\">Publications<\/h2>\t\t\t\t<\/div>\n\t\t\t\t<\/div>\n\t\t\t\t<div class=\"elementor-element elementor-element-1ccd177 premium-blog-align-left elementor-widget elementor-widget-premium-addon-blog\" data-id=\"1ccd177\" data-element_type=\"widget\" data-e-type=\"widget\" data-settings=\"{&quot;premium_blog_columns_number&quot;:&quot;33.33%&quot;,&quot;premium_blog_infinite_scroll&quot;:&quot;yes&quot;,&quot;premium_blog_grid&quot;:&quot;yes&quot;,&quot;premium_blog_layout&quot;:&quot;even&quot;,&quot;premium_blog_columns_number_tablet&quot;:&quot;50%&quot;,&quot;premium_blog_columns_number_mobile&quot;:&quot;100%&quot;}\" data-widget_type=\"premium-addon-blog.default\">\n\t\t\t\t<div class=\"elementor-widget-container\">\n\t\t\t\t\t\n\t\t\n\n\t\t\t\t<div class=\"premium-blog-wrap  premium-blog-even\" data-page=\"3920\">\n\t\t\t\t\t\t\t\t\t<div class=\"premium-blog-post-outer-container\" data-total=\"1\">\n\t\t\t<div class=\"premium-blog-post-container premium-blog-skin-cards\">\n\t\t\t\t\t\t\t\t\t<div class=\"premium-blog-thumb-effect-wrapper\">\n\t\t\t\t\t\t<div class=\"premium-blog-thumbnail-container premium-blog-zoomin-effect\">\n\t\t\t\t\t\t\t\t\t\t\t<a href=\"https:\/\/kb-familyoffice.com\/en\/how-to-rent-or-buy-a-property-in-panama\/\" target=\"_blank\">\n\t\t\t\t<img fetchpriority=\"high\" decoding=\"async\" width=\"2560\" height=\"1707\" src=\"https:\/\/kb-familyoffice.com\/wp-content\/uploads\/2020\/04\/felix-tchverkin-N8EzubdXV0M-unsplash-scaled-1.jpg\" class=\"attachment-full size-full wp-image-3984\" alt=\"\" srcset=\"https:\/\/kb-familyoffice.com\/wp-content\/uploads\/2020\/04\/felix-tchverkin-N8EzubdXV0M-unsplash-scaled-1.jpg 2560w, https:\/\/kb-familyoffice.com\/wp-content\/uploads\/2020\/04\/felix-tchverkin-N8EzubdXV0M-unsplash-scaled-1-300x200.jpg 300w, https:\/\/kb-familyoffice.com\/wp-content\/uploads\/2020\/04\/felix-tchverkin-N8EzubdXV0M-unsplash-scaled-1-1024x683.jpg 1024w, https:\/\/kb-familyoffice.com\/wp-content\/uploads\/2020\/04\/felix-tchverkin-N8EzubdXV0M-unsplash-scaled-1-768x512.jpg 768w, https:\/\/kb-familyoffice.com\/wp-content\/uploads\/2020\/04\/felix-tchverkin-N8EzubdXV0M-unsplash-scaled-1-1536x1024.jpg 1536w, https:\/\/kb-familyoffice.com\/wp-content\/uploads\/2020\/04\/felix-tchverkin-N8EzubdXV0M-unsplash-scaled-1-2048x1366.jpg 2048w\" sizes=\"(max-width: 2560px) 100vw, 2560px\" \/>\t\t\t\t<\/a>\n\t\t\t\t\t\t\t\t\t\t<\/div>\n\t\t\t\t\t\t\t\t\t\t\t\t\t<div class=\"premium-blog-effect-container premium-blog-diagonal-effect\">\n\t\t\t\t\t\t\t\t<a class=\"premium-blog-post-link\" href=\"https:\/\/kb-familyoffice.com\/en\/how-to-rent-or-buy-a-property-in-panama\/\" target=\"_blank\"><span>How to Rent or Buy a property in Panama?<\/span><\/a>\n\t\t\t\t\t\t\t\t\t\t\t\t\t\t\t<\/div>\n\t\t\t\t\t\t\t\t\t\t\t<\/div>\n\t\t\t\t\t\t\t\t\t\t\t\t\t\t\t\t\t\t\t\t\t<div class=\"premium-blog-content-wrapper \">\n\n\t\t\t\t\t<div class=\"premium-blog-inner-container\">\n\n\t\t\t\t\t\t\t\t\t\t\t\t\t\t<h2 class=\"premium-blog-entry-title\">\n\t\t\t<a href=\"https:\/\/kb-familyoffice.com\/en\/how-to-rent-or-buy-a-property-in-panama\/\" target=\"_blank\">\n\t\t\t\tHow to Rent or Buy a property in Panama?\t\t\t<\/a>\n\t\t<\/h2>\n\t\t\n\t\t\t\t\t<\/div>\n\n\t\t\t\t\t\t\t<div class=\"premium-blog-content-inner-wrapper\">\n\t\t<p class=\"premium-blog-post-content\">Like any country, Panama has its own processes for buying or renting real estate. Knowing the procedures and steps to follow allows \u2026<\/p>\t\t<\/div>\n\t\t\t\t<div class=\"premium-blog-entry-meta\">\n\t\t\t\n\t\t\t\n\t\t\t\n\t\t\t\t\t<\/div>\n\t\t\t\t\t\t\t\n\t\t\t\t<\/div>\n\t\t\t<\/div>\n\t\t<\/div>\n\n\t\t\t\t\t\t\t<\/div>\n\n\t\t\n\t\t\n\t\t\t\t\t\t<\/div>\n\t\t\t\t<\/div>\n\t\t\t\t\t<\/div>\n\t\t<\/div>\n\t\t\t\t\t<\/div>\n\t\t<\/section>\n\t\t\t\t<\/div>\n\t\t","protected":false},"excerpt":{"rendered":"<p>Publications \u00bfC\u00f3mo Alquilar o Comprar una propiedad en Panam\u00e1? \u00bfC\u00f3mo Alquilar o Comprar una propiedad en Panam\u00e1? Como cualquier pa\u00eds, Panam\u00e1 tiene sus propios procesos para comprar o alquilar un bien inmueble. Conocer los tr\u00e1mites y los pasos a \u2026<\/p>\n","protected":false},"author":3,"featured_media":3863,"parent":11256,"menu_order":0,"comment_status":"closed","ping_status":"closed","template":"","meta":{"_acf_changed":false,"footnotes":""},"class_list":["post-3920","page","type-page","status-publish","has-post-thumbnail","hentry"],"acf":[],"yoast_head":"<!-- This site is optimized with the Yoast SEO plugin v27.3 - https:\/\/yoast.com\/product\/yoast-seo-wordpress\/ -->\n<title>Dorothee Berthet - K&amp;B Family Office<\/title>\n<meta name=\"description\" content=\"Publications \u00bfC\u00f3mo Alquilar o Comprar una propiedad en Panam\u00e1? \u00bfC\u00f3mo Alquilar o Comprar una propiedad en Panam\u00e1? Como cualquier pa\u00eds, Panam\u00e1 tiene sus\" \/>\n<meta name=\"robots\" content=\"index, follow, max-snippet:-1, max-image-preview:large, max-video-preview:-1\" \/>\n<link rel=\"canonical\" href=\"https:\/\/kb-familyoffice.com\/en\/team-of-advisors\/dorothee-berthet\/\" \/>\n<meta property=\"og:locale\" content=\"en_US\" \/>\n<meta property=\"og:type\" content=\"article\" \/>\n<meta property=\"og:title\" content=\"Dorothee Berthet - K&amp;B Family Office\" \/>\n<meta property=\"og:description\" content=\"Publications \u00bfC\u00f3mo Alquilar o Comprar una propiedad en Panam\u00e1? \u00bfC\u00f3mo Alquilar o Comprar una propiedad en Panam\u00e1? Como cualquier pa\u00eds, Panam\u00e1 tiene sus\" \/>\n<meta property=\"og:url\" content=\"https:\/\/kb-familyoffice.com\/en\/team-of-advisors\/dorothee-berthet\/\" \/>\n<meta property=\"og:site_name\" content=\"K&amp;B Family Office\" \/>\n<meta property=\"article:publisher\" content=\"https:\/\/www.facebook.com\/KB-Family-Office-102608398730665\" \/>\n<meta property=\"article:modified_time\" content=\"2023-04-15T16:42:20+00:00\" \/>\n<meta property=\"og:image\" content=\"https:\/\/kb-familyoffice.com\/wp-content\/uploads\/2020\/04\/Logo_U0A6784-1-1280x853-2-e1594147121945.jpg\" \/>\n\t<meta property=\"og:image:width\" content=\"1280\" \/>\n\t<meta property=\"og:image:height\" content=\"678\" \/>\n\t<meta property=\"og:image:type\" content=\"image\/jpeg\" \/>\n<meta name=\"twitter:card\" content=\"summary_large_image\" \/>\n<meta name=\"twitter:label1\" content=\"Est. reading time\" \/>\n\t<meta name=\"twitter:data1\" content=\"3 minutes\" \/>\n<script type=\"application\/ld+json\" class=\"yoast-schema-graph\">{\"@context\":\"https:\\\/\\\/schema.org\",\"@graph\":[{\"@type\":\"WebPage\",\"@id\":\"https:\\\/\\\/kb-familyoffice.com\\\/en\\\/team-of-advisors\\\/dorothee-berthet\\\/\",\"url\":\"https:\\\/\\\/kb-familyoffice.com\\\/en\\\/team-of-advisors\\\/dorothee-berthet\\\/\",\"name\":\"Dorothee Berthet - K&amp;B Family Office\",\"isPartOf\":{\"@id\":\"https:\\\/\\\/kb-familyoffice.com\\\/en\\\/#website\"},\"primaryImageOfPage\":{\"@id\":\"https:\\\/\\\/kb-familyoffice.com\\\/en\\\/team-of-advisors\\\/dorothee-berthet\\\/#primaryimage\"},\"image\":{\"@id\":\"https:\\\/\\\/kb-familyoffice.com\\\/en\\\/team-of-advisors\\\/dorothee-berthet\\\/#primaryimage\"},\"thumbnailUrl\":\"https:\\\/\\\/kb-familyoffice.com\\\/wp-content\\\/uploads\\\/2020\\\/04\\\/Logo_U0A6784-1-1280x853-2-e1594147121945.jpg\",\"datePublished\":\"2020-08-10T18:48:33+00:00\",\"dateModified\":\"2023-04-15T16:42:20+00:00\",\"description\":\"Publications \u00bfC\u00f3mo Alquilar o Comprar una propiedad en Panam\u00e1? \u00bfC\u00f3mo Alquilar o Comprar una propiedad en Panam\u00e1? Como cualquier pa\u00eds, Panam\u00e1 tiene sus\",\"breadcrumb\":{\"@id\":\"https:\\\/\\\/kb-familyoffice.com\\\/en\\\/team-of-advisors\\\/dorothee-berthet\\\/#breadcrumb\"},\"inLanguage\":\"en-US\",\"potentialAction\":[{\"@type\":\"ReadAction\",\"target\":[\"https:\\\/\\\/kb-familyoffice.com\\\/en\\\/team-of-advisors\\\/dorothee-berthet\\\/\"]}]},{\"@type\":\"ImageObject\",\"inLanguage\":\"en-US\",\"@id\":\"https:\\\/\\\/kb-familyoffice.com\\\/en\\\/team-of-advisors\\\/dorothee-berthet\\\/#primaryimage\",\"url\":\"https:\\\/\\\/kb-familyoffice.com\\\/wp-content\\\/uploads\\\/2020\\\/04\\\/Logo_U0A6784-1-1280x853-2-e1594147121945.jpg\",\"contentUrl\":\"https:\\\/\\\/kb-familyoffice.com\\\/wp-content\\\/uploads\\\/2020\\\/04\\\/Logo_U0A6784-1-1280x853-2-e1594147121945.jpg\",\"width\":1280,\"height\":678},{\"@type\":\"BreadcrumbList\",\"@id\":\"https:\\\/\\\/kb-familyoffice.com\\\/en\\\/team-of-advisors\\\/dorothee-berthet\\\/#breadcrumb\",\"itemListElement\":[{\"@type\":\"ListItem\",\"position\":1,\"name\":\"Portada\",\"item\":\"https:\\\/\\\/kb-familyoffice.com\\\/en\\\/\"},{\"@type\":\"ListItem\",\"position\":2,\"name\":\"Team of Advisors\",\"item\":\"https:\\\/\\\/kb-familyoffice.com\\\/en\\\/team-of-advisors\\\/\"},{\"@type\":\"ListItem\",\"position\":3,\"name\":\"Dorothee Berthet\"}]},{\"@type\":\"WebSite\",\"@id\":\"https:\\\/\\\/kb-familyoffice.com\\\/en\\\/#website\",\"url\":\"https:\\\/\\\/kb-familyoffice.com\\\/en\\\/\",\"name\":\"K&B Family Office\",\"description\":\"Gesti\u00f3n patrimonial a familias e individuos de \u00e9xito desde 2007\",\"publisher\":{\"@id\":\"https:\\\/\\\/kb-familyoffice.com\\\/en\\\/#organization\"},\"alternateName\":\"K&B Family Office\",\"potentialAction\":[{\"@type\":\"SearchAction\",\"target\":{\"@type\":\"EntryPoint\",\"urlTemplate\":\"https:\\\/\\\/kb-familyoffice.com\\\/en\\\/?s={search_term_string}\"},\"query-input\":{\"@type\":\"PropertyValueSpecification\",\"valueRequired\":true,\"valueName\":\"search_term_string\"}}],\"inLanguage\":\"en-US\"},{\"@type\":\"Organization\",\"@id\":\"https:\\\/\\\/kb-familyoffice.com\\\/en\\\/#organization\",\"name\":\"K&B Family Office\",\"alternateName\":\"K&B Family Office\",\"url\":\"https:\\\/\\\/kb-familyoffice.com\\\/en\\\/\",\"logo\":{\"@type\":\"ImageObject\",\"inLanguage\":\"en-US\",\"@id\":\"https:\\\/\\\/kb-familyoffice.com\\\/en\\\/#\\\/schema\\\/logo\\\/image\\\/\",\"url\":\"https:\\\/\\\/kb-familyoffice.com\\\/wp-content\\\/uploads\\\/2020\\\/03\\\/Logo-KB-Family-Office-web.png\",\"contentUrl\":\"https:\\\/\\\/kb-familyoffice.com\\\/wp-content\\\/uploads\\\/2020\\\/03\\\/Logo-KB-Family-Office-web.png\",\"width\":432,\"height\":150,\"caption\":\"K&B Family Office\"},\"image\":{\"@id\":\"https:\\\/\\\/kb-familyoffice.com\\\/en\\\/#\\\/schema\\\/logo\\\/image\\\/\"},\"sameAs\":[\"https:\\\/\\\/www.facebook.com\\\/KB-Family-Office-102608398730665\",\"https:\\\/\\\/www.linkedin.com\\\/company\\\/kb-family-office\\\/\",\"https:\\\/\\\/www.instagram.com\\\/kbfamilyoffice\\\/\"]}]}<\/script>\n<!-- \/ Yoast SEO plugin. -->","yoast_head_json":{"title":"Dorothee Berthet - K&amp;B Family Office","description":"Publications \u00bfC\u00f3mo Alquilar o Comprar una propiedad en Panam\u00e1? \u00bfC\u00f3mo Alquilar o Comprar una propiedad en Panam\u00e1? Como cualquier pa\u00eds, Panam\u00e1 tiene sus","robots":{"index":"index","follow":"follow","max-snippet":"max-snippet:-1","max-image-preview":"max-image-preview:large","max-video-preview":"max-video-preview:-1"},"canonical":"https:\/\/kb-familyoffice.com\/en\/team-of-advisors\/dorothee-berthet\/","og_locale":"en_US","og_type":"article","og_title":"Dorothee Berthet - K&amp;B Family Office","og_description":"Publications \u00bfC\u00f3mo Alquilar o Comprar una propiedad en Panam\u00e1? \u00bfC\u00f3mo Alquilar o Comprar una propiedad en Panam\u00e1? Como cualquier pa\u00eds, Panam\u00e1 tiene sus","og_url":"https:\/\/kb-familyoffice.com\/en\/team-of-advisors\/dorothee-berthet\/","og_site_name":"K&amp;B Family Office","article_publisher":"https:\/\/www.facebook.com\/KB-Family-Office-102608398730665","article_modified_time":"2023-04-15T16:42:20+00:00","og_image":[{"width":1280,"height":678,"url":"https:\/\/kb-familyoffice.com\/wp-content\/uploads\/2020\/04\/Logo_U0A6784-1-1280x853-2-e1594147121945.jpg","type":"image\/jpeg"}],"twitter_card":"summary_large_image","twitter_misc":{"Est. reading time":"3 minutes"},"schema":{"@context":"https:\/\/schema.org","@graph":[{"@type":"WebPage","@id":"https:\/\/kb-familyoffice.com\/en\/team-of-advisors\/dorothee-berthet\/","url":"https:\/\/kb-familyoffice.com\/en\/team-of-advisors\/dorothee-berthet\/","name":"Dorothee Berthet - K&amp;B Family Office","isPartOf":{"@id":"https:\/\/kb-familyoffice.com\/en\/#website"},"primaryImageOfPage":{"@id":"https:\/\/kb-familyoffice.com\/en\/team-of-advisors\/dorothee-berthet\/#primaryimage"},"image":{"@id":"https:\/\/kb-familyoffice.com\/en\/team-of-advisors\/dorothee-berthet\/#primaryimage"},"thumbnailUrl":"https:\/\/kb-familyoffice.com\/wp-content\/uploads\/2020\/04\/Logo_U0A6784-1-1280x853-2-e1594147121945.jpg","datePublished":"2020-08-10T18:48:33+00:00","dateModified":"2023-04-15T16:42:20+00:00","description":"Publications \u00bfC\u00f3mo Alquilar o Comprar una propiedad en Panam\u00e1? \u00bfC\u00f3mo Alquilar o Comprar una propiedad en Panam\u00e1? Como cualquier pa\u00eds, Panam\u00e1 tiene sus","breadcrumb":{"@id":"https:\/\/kb-familyoffice.com\/en\/team-of-advisors\/dorothee-berthet\/#breadcrumb"},"inLanguage":"en-US","potentialAction":[{"@type":"ReadAction","target":["https:\/\/kb-familyoffice.com\/en\/team-of-advisors\/dorothee-berthet\/"]}]},{"@type":"ImageObject","inLanguage":"en-US","@id":"https:\/\/kb-familyoffice.com\/en\/team-of-advisors\/dorothee-berthet\/#primaryimage","url":"https:\/\/kb-familyoffice.com\/wp-content\/uploads\/2020\/04\/Logo_U0A6784-1-1280x853-2-e1594147121945.jpg","contentUrl":"https:\/\/kb-familyoffice.com\/wp-content\/uploads\/2020\/04\/Logo_U0A6784-1-1280x853-2-e1594147121945.jpg","width":1280,"height":678},{"@type":"BreadcrumbList","@id":"https:\/\/kb-familyoffice.com\/en\/team-of-advisors\/dorothee-berthet\/#breadcrumb","itemListElement":[{"@type":"ListItem","position":1,"name":"Portada","item":"https:\/\/kb-familyoffice.com\/en\/"},{"@type":"ListItem","position":2,"name":"Team of Advisors","item":"https:\/\/kb-familyoffice.com\/en\/team-of-advisors\/"},{"@type":"ListItem","position":3,"name":"Dorothee Berthet"}]},{"@type":"WebSite","@id":"https:\/\/kb-familyoffice.com\/en\/#website","url":"https:\/\/kb-familyoffice.com\/en\/","name":"K&B Family Office","description":"Gesti\u00f3n patrimonial a familias e individuos de \u00e9xito desde 2007","publisher":{"@id":"https:\/\/kb-familyoffice.com\/en\/#organization"},"alternateName":"K&B Family Office","potentialAction":[{"@type":"SearchAction","target":{"@type":"EntryPoint","urlTemplate":"https:\/\/kb-familyoffice.com\/en\/?s={search_term_string}"},"query-input":{"@type":"PropertyValueSpecification","valueRequired":true,"valueName":"search_term_string"}}],"inLanguage":"en-US"},{"@type":"Organization","@id":"https:\/\/kb-familyoffice.com\/en\/#organization","name":"K&B Family Office","alternateName":"K&B Family Office","url":"https:\/\/kb-familyoffice.com\/en\/","logo":{"@type":"ImageObject","inLanguage":"en-US","@id":"https:\/\/kb-familyoffice.com\/en\/#\/schema\/logo\/image\/","url":"https:\/\/kb-familyoffice.com\/wp-content\/uploads\/2020\/03\/Logo-KB-Family-Office-web.png","contentUrl":"https:\/\/kb-familyoffice.com\/wp-content\/uploads\/2020\/03\/Logo-KB-Family-Office-web.png","width":432,"height":150,"caption":"K&B Family Office"},"image":{"@id":"https:\/\/kb-familyoffice.com\/en\/#\/schema\/logo\/image\/"},"sameAs":["https:\/\/www.facebook.com\/KB-Family-Office-102608398730665","https:\/\/www.linkedin.com\/company\/kb-family-office\/","https:\/\/www.instagram.com\/kbfamilyoffice\/"]}]}},"_links":{"self":[{"href":"https:\/\/kb-familyoffice.com\/en\/wp-json\/wp\/v2\/pages\/3920","targetHints":{"allow":["GET"]}}],"collection":[{"href":"https:\/\/kb-familyoffice.com\/en\/wp-json\/wp\/v2\/pages"}],"about":[{"href":"https:\/\/kb-familyoffice.com\/en\/wp-json\/wp\/v2\/types\/page"}],"author":[{"embeddable":true,"href":"https:\/\/kb-familyoffice.com\/en\/wp-json\/wp\/v2\/users\/3"}],"replies":[{"embeddable":true,"href":"https:\/\/kb-familyoffice.com\/en\/wp-json\/wp\/v2\/comments?post=3920"}],"version-history":[{"count":0,"href":"https:\/\/kb-familyoffice.com\/en\/wp-json\/wp\/v2\/pages\/3920\/revisions"}],"up":[{"embeddable":true,"href":"https:\/\/kb-familyoffice.com\/en\/wp-json\/wp\/v2\/pages\/11256"}],"wp:featuredmedia":[{"embeddable":true,"href":"https:\/\/kb-familyoffice.com\/en\/wp-json\/wp\/v2\/media\/3863"}],"wp:attachment":[{"href":"https:\/\/kb-familyoffice.com\/en\/wp-json\/wp\/v2\/media?parent=3920"}],"curies":[{"name":"wp","href":"https:\/\/api.w.org\/{rel}","templated":true}]}}